{"id":37,"date":"2021-02-28T13:49:53","date_gmt":"2021-02-28T13:49:53","guid":{"rendered":"https:\/\/trellisterium.de\/?page_id=37"},"modified":"2024-01-24T14:06:59","modified_gmt":"2024-01-24T12:06:59","slug":"impressum","status":"publish","type":"page","link":"https:\/\/trellisterium.de\/en\/impressum-datenschutz\/impressum\/","title":{"rendered":"Impressum"},"content":{"rendered":"<p><\/p>\n<h1>Angaben gem\u00e4\u00df \u00a7 5 TMG<\/h1>\n<p>F\u00fcr diese Website verantwortlich im Sinne des Presserecht (V.i.S.d.P.) ist<\/p>\n<p><strong>Edgar Rodehack<\/strong><\/p>\n<p>Lautensackstr. 23<br \/>\n80687 M\u00fcnchen<br \/>\ninfo[aet]trellisterium.de<br \/>\n+49 89 33 09 92 68<\/p>\n<hr \/>\n<h1>Bilderrechte<\/h1>\n<p>Sofern keine anderen Angaben gemacht sind, liegen die Copyrights f\u00fcr das verwendete Bildmaterial bei den Autoren der Seite.<br \/>\n\u00a9 2021 Edgar Rodehack, M\u00fcnchen<\/p>\n<hr \/>\n<h1>Haftung f\u00fcr Inhalte<\/h1>\n<p>Als Diensteanbieter sind wir f\u00fcr eigene Inhalte auf diesen Seiten nach den allgemeinen Gesetzen verantwortlich. Allerdings sind wir nicht verpflichtet, \u00fcbermittelte oder gespeicherte fremde Informationen zu \u00fcberwachen oder nach Umst\u00e4nden zu forschen, die auf eine rechtswidrige T\u00e4tigkeit hinweisen. Verpflichtungen zur Entfernung oder Sperrung der Nutzung von Informationen nach den allgemeinen Gesetzen bleiben hiervon unber\u00fchrt. Eine diesbez\u00fcgliche Haftung ist jedoch erst ab dem Zeitpunkt der Kenntnis einer konkreten Rechtsverletzung m\u00f6glich. Bei Bekanntwerden von entsprechenden Rechtsverletzungen werden wir diese Inhalte umgehend entfernen.<\/p>\n<hr \/>\n<h1>Haftung f\u00fcr Links<\/h1>\n<p>Unsere Website enth\u00e4lt Links zu externen Webseiten Dritter, auf deren Inhalte wir keinen Einfluss haben. Deshalb k\u00f6nnen wir f\u00fcr diese fremden Inhalte auch keine Gew\u00e4hr \u00fcbernehmen. F\u00fcr die Inhalte der verlinkten Seiten ist stets der jeweilige Anbieter oder Betreiber der Seiten verantwortlich. Die verlinkten Seiten wurden zum Zeitpunkt der Verlinkung auf m\u00f6gliche Rechtsverst\u00f6\u00dfe \u00fcberpr\u00fcft. Rechtswidrige Inhalte waren zum Zeitpunkt der Verlinkung nicht erkennbar. Eine permanente inhaltliche Kontrolle der verlinkten Seiten ist jedoch ohne konkrete Anhaltspunkte einer Rechtsverletzung nicht zumutbar. Bei Bekanntwerden von Rechtsverletzungen werden wir derartige Links umgehend entfernen.<\/p>\n<hr \/>\n<h1>Haftung f\u00fcr Urheberrecht<\/h1>\n<p>Die durch die Seitenbetreiber erstellten Inhalte und Werke auf diesen Seiten unterliegen dem deutschen Urheberrecht. Die Vervielf\u00e4ltigung, Bearbeitung, Verbreitung und jede Art der Verwertung au\u00dferhalb der Grenzen des Urheberrechtes bed\u00fcrfen der schriftlichen Zustimmung des jeweiligen Autors bzw. Erstellers. Downloads und Kopien dieser Seite sind nur f\u00fcr den privaten, nicht-kommerziellen Gebrauch gestattet. Soweit die Inhalte auf dieser Seite nicht vom Betreiber erstellt wurden, werden die Urheberrechte Dritter beachtet. Insbesondere werden Inhalte Dritter als solche gekennzeichnet. Sollten Sie trotzdem auf eine Urheberrechtsverletzung aufmerksam werden, bitten wir um einen entsprechenden Hinweis. Bei Bekanntwerden von Rechtsverletzungen werden wir derartige Inhalte umgehend entfernen.<\/p>","protected":false},"excerpt":{"rendered":"<p>Angaben gem\u00e4\u00df \u00a7 5 TMG F\u00fcr diese Website verantwortlich im Sinne des Presserecht (V.i.S.d.P.) ist Edgar Rodehack Lautensackstr. 23 80687 &hellip; <a href=\"https:\/\/trellisterium.de\/en\/impressum-datenschutz\/impressum\/\" class=\"btn btn-readmore\">Read More <span class=\"screen-reader-text\"> &#8220;Impressum&#8221;<\/span><\/a><\/p>\n","protected":false},"author":1,"featured_media":136,"parent":66,"menu_order":1,"comment_status":"closed","ping_status":"closed","template":"","meta":{"footnotes":""},"class_list":["post-37","page","type-page","status-publish","has-post-thumbnail","hentry"],"yoast_head":"<!-- This site is optimized with the Yoast SEO plugin v27.3 - https:\/\/yoast.com\/product\/yoast-seo-wordpress\/ -->\n<title>Impressum - Show Your Work!<\/title>\n<meta name=\"description\" content=\"This is the legal notice page of the website www.trellisterium.de.\" \/>\n<meta name=\"robots\" content=\"index, follow, max-snippet:-1, max-image-preview:large, max-video-preview:-1\" \/>\n<link rel=\"canonical\" href=\"https:\/\/trellisterium.de\/impressum-datenschutz\/impressum\/\" \/>\n<meta property=\"og:locale\" content=\"en_US\" \/>\n<meta property=\"og:type\" content=\"article\" \/>\n<meta property=\"og:title\" content=\"Impressum - Show Your Work!\" \/>\n<meta property=\"og:description\" content=\"{:de}Dies ist die Impressumsseite der Website www.trellisterium.de.{:en}This is the legal notice page of the website www.trellisterium.de.{:}\" \/>\n<meta property=\"og:url\" content=\"https:\/\/trellisterium.de\/impressum-datenschutz\/impressum\/\" \/>\n<meta property=\"og:site_name\" content=\"Show Your Work!\" \/>\n<meta property=\"article:modified_time\" content=\"2024-01-24T12:06:59+00:00\" \/>\n<meta property=\"og:image\" content=\"https:\/\/trellisterium.de\/wp-content\/uploads\/2021\/03\/WIN_20210301_11_53_37_Pro-2-e1614596608250.jpg\" \/>\n\t<meta property=\"og:image:width\" content=\"625\" \/>\n\t<meta property=\"og:image:height\" content=\"289\" \/>\n\t<meta property=\"og:image:type\" content=\"image\/jpeg\" \/>\n<meta name=\"twitter:card\" content=\"summary_large_image\" \/>\n<meta name=\"twitter:label1\" content=\"Est. reading time\" \/>\n\t<meta name=\"twitter:data1\" content=\"2 minutes\" \/>\n<script type=\"application\/ld+json\" class=\"yoast-schema-graph\">{\"@context\":\"https:\\\/\\\/schema.org\",\"@graph\":[{\"@type\":\"WebPage\",\"@id\":\"https:\\\/\\\/trellisterium.de\\\/impressum-datenschutz\\\/impressum\\\/\",\"url\":\"https:\\\/\\\/trellisterium.de\\\/impressum-datenschutz\\\/impressum\\\/\",\"name\":\"Impressum - Show Your Work!\",\"isPartOf\":{\"@id\":\"https:\\\/\\\/trellisterium.de\\\/#website\"},\"primaryImageOfPage\":{\"@id\":\"https:\\\/\\\/trellisterium.de\\\/impressum-datenschutz\\\/impressum\\\/#primaryimage\"},\"image\":{\"@id\":\"https:\\\/\\\/trellisterium.de\\\/impressum-datenschutz\\\/impressum\\\/#primaryimage\"},\"thumbnailUrl\":\"https:\\\/\\\/trellisterium.de\\\/wp-content\\\/uploads\\\/2021\\\/03\\\/WIN_20210301_11_53_37_Pro-2-e1614596608250.jpg\",\"datePublished\":\"2021-02-28T13:49:53+00:00\",\"dateModified\":\"2024-01-24T12:06:59+00:00\",\"description\":\"{:de}Dies ist die Impressumsseite der Website www.trellisterium.de.{:en}This is the legal notice page of the website www.trellisterium.de.{:}\",\"breadcrumb\":{\"@id\":\"https:\\\/\\\/trellisterium.de\\\/impressum-datenschutz\\\/impressum\\\/#breadcrumb\"},\"inLanguage\":\"en-US\",\"potentialAction\":[{\"@type\":\"ReadAction\",\"target\":[\"https:\\\/\\\/trellisterium.de\\\/impressum-datenschutz\\\/impressum\\\/\"]}]},{\"@type\":\"ImageObject\",\"inLanguage\":\"en-US\",\"@id\":\"https:\\\/\\\/trellisterium.de\\\/impressum-datenschutz\\\/impressum\\\/#primaryimage\",\"url\":\"https:\\\/\\\/trellisterium.de\\\/wp-content\\\/uploads\\\/2021\\\/03\\\/WIN_20210301_11_53_37_Pro-2-e1614596608250.jpg\",\"contentUrl\":\"https:\\\/\\\/trellisterium.de\\\/wp-content\\\/uploads\\\/2021\\\/03\\\/WIN_20210301_11_53_37_Pro-2-e1614596608250.jpg\",\"width\":625,\"height\":289},{\"@type\":\"BreadcrumbList\",\"@id\":\"https:\\\/\\\/trellisterium.de\\\/impressum-datenschutz\\\/impressum\\\/#breadcrumb\",\"itemListElement\":[{\"@type\":\"ListItem\",\"position\":1,\"name\":\"Startseite\",\"item\":\"https:\\\/\\\/trellisterium.de\\\/\"},{\"@type\":\"ListItem\",\"position\":2,\"name\":\"Impressum &#038; Datenschutz\",\"item\":\"https:\\\/\\\/trellisterium.de\\\/impressum-datenschutz\\\/\"},{\"@type\":\"ListItem\",\"position\":3,\"name\":\"Impressum\"}]},{\"@type\":\"WebSite\",\"@id\":\"https:\\\/\\\/trellisterium.de\\\/#website\",\"url\":\"https:\\\/\\\/trellisterium.de\\\/\",\"name\":\"Show Your Work!\",\"description\":\"Machen. Zeigen. Lernen. Weitermachen.\",\"publisher\":{\"@id\":\"https:\\\/\\\/trellisterium.de\\\/#\\\/schema\\\/person\\\/ca616a49e8b0ca3b8b88cfebcfd1e792\"},\"potentialAction\":[{\"@type\":\"SearchAction\",\"target\":{\"@type\":\"EntryPoint\",\"urlTemplate\":\"https:\\\/\\\/trellisterium.de\\\/?s={search_term_string}\"},\"query-input\":{\"@type\":\"PropertyValueSpecification\",\"valueRequired\":true,\"valueName\":\"search_term_string\"}}],\"inLanguage\":\"en-US\"},{\"@type\":[\"Person\",\"Organization\"],\"@id\":\"https:\\\/\\\/trellisterium.de\\\/#\\\/schema\\\/person\\\/ca616a49e8b0ca3b8b88cfebcfd1e792\",\"name\":\"Edgar Rodehack\",\"image\":{\"@type\":\"ImageObject\",\"inLanguage\":\"en-US\",\"@id\":\"https:\\\/\\\/trellisterium.de\\\/wp-content\\\/uploads\\\/2021\\\/04\\\/Trellisterium-Profilfoto-Edgar-Rodehack.png\",\"url\":\"https:\\\/\\\/trellisterium.de\\\/wp-content\\\/uploads\\\/2021\\\/04\\\/Trellisterium-Profilfoto-Edgar-Rodehack.png\",\"contentUrl\":\"https:\\\/\\\/trellisterium.de\\\/wp-content\\\/uploads\\\/2021\\\/04\\\/Trellisterium-Profilfoto-Edgar-Rodehack.png\",\"width\":1930,\"height\":1930,\"caption\":\"Edgar Rodehack\"},\"logo\":{\"@id\":\"https:\\\/\\\/trellisterium.de\\\/wp-content\\\/uploads\\\/2021\\\/04\\\/Trellisterium-Profilfoto-Edgar-Rodehack.png\"},\"description\":\"I am a teamwork enthusiast with a preference for Agile forms of collaboration. So it's good that I do this for a living. I am an organizational consultant, business and agile coach, moderator and facilitator. Also, I am married with three kids, and I really enjoy making music, writing and reading.\",\"sameAs\":[\"https:\\\/\\\/rodehack.de\",\"https:\\\/\\\/de.linkedin.com\\\/in\\\/rodehack\",\"https:\\\/\\\/soundcloud.com\\\/isarelites\"]}]}<\/script>\n<!-- \/ Yoast SEO plugin. -->","yoast_head_json":{"title":"Impressum - Show Your Work!","description":"This is the legal notice page of the website www.trellisterium.de.","robots":{"index":"index","follow":"follow","max-snippet":"max-snippet:-1","max-image-preview":"max-image-preview:large","max-video-preview":"max-video-preview:-1"},"canonical":"https:\/\/trellisterium.de\/impressum-datenschutz\/impressum\/","og_locale":"en_US","og_type":"article","og_title":"Impressum - Show Your Work!","og_description":"{:de}Dies ist die Impressumsseite der Website www.trellisterium.de.{:en}This is the legal notice page of the website www.trellisterium.de.{:}","og_url":"https:\/\/trellisterium.de\/impressum-datenschutz\/impressum\/","og_site_name":"Show Your Work!","article_modified_time":"2024-01-24T12:06:59+00:00","og_image":[{"width":625,"height":289,"url":"https:\/\/trellisterium.de\/wp-content\/uploads\/2021\/03\/WIN_20210301_11_53_37_Pro-2-e1614596608250.jpg","type":"image\/jpeg"}],"twitter_card":"summary_large_image","twitter_misc":{"Est. reading time":"2 minutes"},"schema":{"@context":"https:\/\/schema.org","@graph":[{"@type":"WebPage","@id":"https:\/\/trellisterium.de\/impressum-datenschutz\/impressum\/","url":"https:\/\/trellisterium.de\/impressum-datenschutz\/impressum\/","name":"Impressum - Show Your Work!","isPartOf":{"@id":"https:\/\/trellisterium.de\/#website"},"primaryImageOfPage":{"@id":"https:\/\/trellisterium.de\/impressum-datenschutz\/impressum\/#primaryimage"},"image":{"@id":"https:\/\/trellisterium.de\/impressum-datenschutz\/impressum\/#primaryimage"},"thumbnailUrl":"https:\/\/trellisterium.de\/wp-content\/uploads\/2021\/03\/WIN_20210301_11_53_37_Pro-2-e1614596608250.jpg","datePublished":"2021-02-28T13:49:53+00:00","dateModified":"2024-01-24T12:06:59+00:00","description":"{:de}Dies ist die Impressumsseite der Website www.trellisterium.de.{:en}This is the legal notice page of the website www.trellisterium.de.{:}","breadcrumb":{"@id":"https:\/\/trellisterium.de\/impressum-datenschutz\/impressum\/#breadcrumb"},"inLanguage":"en-US","potentialAction":[{"@type":"ReadAction","target":["https:\/\/trellisterium.de\/impressum-datenschutz\/impressum\/"]}]},{"@type":"ImageObject","inLanguage":"en-US","@id":"https:\/\/trellisterium.de\/impressum-datenschutz\/impressum\/#primaryimage","url":"https:\/\/trellisterium.de\/wp-content\/uploads\/2021\/03\/WIN_20210301_11_53_37_Pro-2-e1614596608250.jpg","contentUrl":"https:\/\/trellisterium.de\/wp-content\/uploads\/2021\/03\/WIN_20210301_11_53_37_Pro-2-e1614596608250.jpg","width":625,"height":289},{"@type":"BreadcrumbList","@id":"https:\/\/trellisterium.de\/impressum-datenschutz\/impressum\/#breadcrumb","itemListElement":[{"@type":"ListItem","position":1,"name":"Startseite","item":"https:\/\/trellisterium.de\/"},{"@type":"ListItem","position":2,"name":"Impressum &#038; Datenschutz","item":"https:\/\/trellisterium.de\/impressum-datenschutz\/"},{"@type":"ListItem","position":3,"name":"Impressum"}]},{"@type":"WebSite","@id":"https:\/\/trellisterium.de\/#website","url":"https:\/\/trellisterium.de\/","name":"Show Your Work!","description":"Machen. Zeigen. Lernen. Weitermachen.","publisher":{"@id":"https:\/\/trellisterium.de\/#\/schema\/person\/ca616a49e8b0ca3b8b88cfebcfd1e792"},"potentialAction":[{"@type":"SearchAction","target":{"@type":"EntryPoint","urlTemplate":"https:\/\/trellisterium.de\/?s={search_term_string}"},"query-input":{"@type":"PropertyValueSpecification","valueRequired":true,"valueName":"search_term_string"}}],"inLanguage":"en-US"},{"@type":["Person","Organization"],"@id":"https:\/\/trellisterium.de\/#\/schema\/person\/ca616a49e8b0ca3b8b88cfebcfd1e792","name":"Edgar Rodehack","image":{"@type":"ImageObject","inLanguage":"en-US","@id":"https:\/\/trellisterium.de\/wp-content\/uploads\/2021\/04\/Trellisterium-Profilfoto-Edgar-Rodehack.png","url":"https:\/\/trellisterium.de\/wp-content\/uploads\/2021\/04\/Trellisterium-Profilfoto-Edgar-Rodehack.png","contentUrl":"https:\/\/trellisterium.de\/wp-content\/uploads\/2021\/04\/Trellisterium-Profilfoto-Edgar-Rodehack.png","width":1930,"height":1930,"caption":"Edgar Rodehack"},"logo":{"@id":"https:\/\/trellisterium.de\/wp-content\/uploads\/2021\/04\/Trellisterium-Profilfoto-Edgar-Rodehack.png"},"description":"I am a teamwork enthusiast with a preference for Agile forms of collaboration. So it's good that I do this for a living. I am an organizational consultant, business and agile coach, moderator and facilitator. Also, I am married with three kids, and I really enjoy making music, writing and reading.","sameAs":["https:\/\/rodehack.de","https:\/\/de.linkedin.com\/in\/rodehack","https:\/\/soundcloud.com\/isarelites"]}]}},"_links":{"self":[{"href":"https:\/\/trellisterium.de\/en\/wp-json\/wp\/v2\/pages\/37","targetHints":{"allow":["GET"]}}],"collection":[{"href":"https:\/\/trellisterium.de\/en\/wp-json\/wp\/v2\/pages"}],"about":[{"href":"https:\/\/trellisterium.de\/en\/wp-json\/wp\/v2\/types\/page"}],"author":[{"embeddable":true,"href":"https:\/\/trellisterium.de\/en\/wp-json\/wp\/v2\/users\/1"}],"replies":[{"embeddable":true,"href":"https:\/\/trellisterium.de\/en\/wp-json\/wp\/v2\/comments?post=37"}],"version-history":[{"count":2,"href":"https:\/\/trellisterium.de\/en\/wp-json\/wp\/v2\/pages\/37\/revisions"}],"predecessor-version":[{"id":4028,"href":"https:\/\/trellisterium.de\/en\/wp-json\/wp\/v2\/pages\/37\/revisions\/4028"}],"up":[{"embeddable":true,"href":"https:\/\/trellisterium.de\/en\/wp-json\/wp\/v2\/pages\/66"}],"wp:featuredmedia":[{"embeddable":true,"href":"https:\/\/trellisterium.de\/en\/wp-json\/wp\/v2\/media\/136"}],"wp:attachment":[{"href":"https:\/\/trellisterium.de\/en\/wp-json\/wp\/v2\/media?parent=37"}],"curies":[{"name":"wp","href":"https:\/\/api.w.org\/{rel}","templated":true}]}}